{"id":9,"date":"2016-08-03T13:14:37","date_gmt":"2016-08-03T13:14:37","guid":{"rendered":"http:\/\/demo.olevmedia.net\/wheelsberry\/?page_id=9"},"modified":"2020-05-25T22:25:21","modified_gmt":"2020-05-25T21:25:21","slug":"see-all-me-en","status":"publish","type":"page","link":"https:\/\/see-all.me\/en\/","title":{"rendered":"Home"},"content":{"rendered":"<p>[vc_row full_width=&#8221;stretch_row&#8221; el_id=&#8221;services&#8221;][vc_column][vc_custom_heading text=&#8221;Our Services&#8221; text_additional=&#8221;The best service in the Montenegro&#8221; font_container=&#8221;tag:h2|text_align:center&#8221;][om_max_width max_width=&#8221;960&#8243;][om_services top_padding=&#8221;250&#8243; bottom_padding=&#8221;100&#8243;][om_services_item title=&#8221;MP3 player&#8221; link=&#8221;|||&#8221; bg_image=&#8221;11207&#8243;]Enjoy your favorite music while driving.[\/om_services_item][om_services_item title=&#8221;ADDITIONAL INSURANCE&#8221; bg_image=&#8221;11273&#8243;]We offer an additional insurance covering damage and theft. In the event of theft or damage to the vehicle a police report is required.[\/om_services_item][om_services_item title=&#8221;CAR DELIVERY outside of Podgorica&#8221; bg_image=&#8221;11275&#8243;]This service is free of charge for rentals of over 7 days[\/om_services_item][om_services_item title=&#8221;MAPS AND TOURIST BROCHURES&#8221; bg_image=&#8221;11227&#8243;]We offer tourist material including maps, local news and event info, reviews of accommodations and tourists\u2019 experiences.[\/om_services_item][om_services_item title=&#8221;UNIMOBILE PHONE CHARGER&#8221; bg_image=&#8221;11212&#8243;]Recharge your phone while driving.[\/om_services_item][om_services_item title=&#8221;WINTER TIRE AND WINTER EQUIPMENT&#8221; bg_image=&#8221;11229&#8243;]During the winter season winter equipment is provided.[\/om_services_item][om_services_item title=&#8221;UNIVERSAL CHARGER FOR LAPTOPS&#8221; bg_image=&#8221;11216&#8243;]Recharge your laptop while driving.[\/om_services_item][om_services_item title=&#8221;UNLIMITED KILOMETERS OUTSIDE OF MONTENEGRO&#8221; bg_image=&#8221;11277&#8243;]We offer an unlimited kilometer allowance outside the territory of Montenegro [\/om_services_item][\/om_services][\/om_max_width][\/vc_column][\/vc_row][vc_row full_width=&#8221;stretch_row_content_no_spaces&#8221; el_id=&#8221;locations&#8221;][vc_column][om_rental_locations zoom=&#8221;16&#8243; title=&#8221;Car Rental Stations&#8221; height=&#8221;370&#8243;][\/vc_column][\/vc_row][vc_row full_width=&#8221;stretch_row_content_no_spaces&#8221; el_id=&#8221;contacts&#8221;][vc_column][\/vc_column][\/vc_row]<\/p>","protected":false},"excerpt":{"rendered":"<p>[vc_row full_width=&#8221;stretch_row&#8221; el_id=&#8221;services&#8221;][vc_column][vc_custom_heading text=&#8221;Our Services&#8221; text_additional=&#8221;The best service in the Montenegro&#8221; font_container=&#8221;tag:h2|text_align:center&#8221;][om_max_width max_width=&#8221;960&#8243;][om_services top_padding=&#8221;250&#8243; bottom_padding=&#8221;100&#8243;][om_services_item title=&#8221;MP3 player&#8221; link=&#8221;|||&#8221; bg_image=&#8221;11207&#8243;]Enjoy your favorite music while driving.[\/om_services_item][om_services_item title=&#8221;ADDITIONAL&hellip;<\/p>\n<p><a href=\"https:\/\/see-all.me\/en\/\" class=\"read-more-link\">Read more<\/a><\/p>\n","protected":false},"author":1,"featured_media":0,"parent":0,"menu_order":0,"comment_status":"closed","ping_status":"closed","template":"","meta":{"footnotes":""},"class_list":["post-9","page","type-page","status-publish","hentry"],"yoast_head":"<!-- This site is optimized with the Yoast SEO plugin v27.5 - https:\/\/yoast.com\/product\/yoast-seo-wordpress\/ -->\n<title>See All Rent a car Montenegro - Podgorica, Kotor, Budva, Tivat...Rental<\/title>\n<meta name=\"description\" content=\"...rezervacija vozila online. Najve\u0107a ponuda automobila na jednom mestu. www.see-all.me\/vozila\/ Najbolje rent a car usluge u Crnoj Gori! Prona\u0111ite odgovaraju\u0107i automobil i napravite rezervaciju bez dodatnih tro\u0161kova! Preuzmite automobil na preko 10 lokacija \u0161irom Crne Gore\" \/>\n<meta name=\"robots\" content=\"index, follow, max-snippet:-1, max-image-preview:large, max-video-preview:-1\" \/>\n<link rel=\"canonical\" href=\"https:\/\/see-all.me\/\" \/>\n<meta property=\"og:locale\" content=\"en_US\" \/>\n<meta property=\"og:type\" content=\"article\" \/>\n<meta property=\"og:title\" content=\"See All Rent a car Montenegro - Podgorica, Kotor, Budva, Tivat...Rental\" \/>\n<meta property=\"og:description\" content=\"...rezervacija vozila online. Najve\u0107a ponuda automobila na jednom mestu. www.see-all.me\/vozila\/ Najbolje rent a car usluge u Crnoj Gori! Prona\u0111ite odgovaraju\u0107i automobil i napravite rezervaciju bez dodatnih tro\u0161kova! Preuzmite automobil na preko 10 lokacija \u0161irom Crne Gore\" \/>\n<meta property=\"og:url\" content=\"https:\/\/see-all.me\/\" \/>\n<meta property=\"og:site_name\" content=\"See-All Rent-a-car Montenegro - Podgorica, Kotor, Budva, Tivat\" \/>\n<meta property=\"article:modified_time\" content=\"2020-05-25T21:25:21+00:00\" \/>\n<meta name=\"twitter:card\" content=\"summary_large_image\" \/>\n<meta name=\"twitter:label1\" content=\"Est. reading time\" \/>\n\t<meta name=\"twitter:data1\" content=\"4 minutes\" \/>\n<script type=\"application\/ld+json\" class=\"yoast-schema-graph\">{\"@context\":\"https:\\\/\\\/schema.org\",\"@graph\":[{\"@type\":\"WebPage\",\"@id\":\"https:\\\/\\\/see-all.me\\\/\",\"url\":\"https:\\\/\\\/see-all.me\\\/\",\"name\":\"See All Rent a car Montenegro - Podgorica, Kotor, Budva, Tivat...Rental\",\"isPartOf\":{\"@id\":\"https:\\\/\\\/see-all.me\\\/#website\"},\"datePublished\":\"2016-08-03T13:14:37+00:00\",\"dateModified\":\"2020-05-25T21:25:21+00:00\",\"description\":\"...rezervacija vozila online. Najve\u0107a ponuda automobila na jednom mestu. www.see-all.me\\\/vozila\\\/ Najbolje rent a car usluge u Crnoj Gori! Prona\u0111ite odgovaraju\u0107i automobil i napravite rezervaciju bez dodatnih tro\u0161kova! Preuzmite automobil na preko 10 lokacija \u0161irom Crne Gore\",\"breadcrumb\":{\"@id\":\"https:\\\/\\\/see-all.me\\\/#breadcrumb\"},\"inLanguage\":\"en-US\",\"potentialAction\":[{\"@type\":\"ReadAction\",\"target\":[\"https:\\\/\\\/see-all.me\\\/\"]}]},{\"@type\":\"BreadcrumbList\",\"@id\":\"https:\\\/\\\/see-all.me\\\/#breadcrumb\",\"itemListElement\":[{\"@type\":\"ListItem\",\"position\":1,\"name\":\"Home\",\"item\":\"https:\\\/\\\/see-all.me\\\/\"},{\"@type\":\"ListItem\",\"position\":2,\"name\":\"Po\u010detna\"}]},{\"@type\":\"WebSite\",\"@id\":\"https:\\\/\\\/see-all.me\\\/#website\",\"url\":\"https:\\\/\\\/see-all.me\\\/\",\"name\":\"See-All Rent-a-car Montenegro - Podgorica, Kotor, Budva, Tivat\",\"description\":\"Best way to explore Montenegro\",\"potentialAction\":[{\"@type\":\"SearchAction\",\"target\":{\"@type\":\"EntryPoint\",\"urlTemplate\":\"https:\\\/\\\/see-all.me\\\/?s={search_term_string}\"},\"query-input\":{\"@type\":\"PropertyValueSpecification\",\"valueRequired\":true,\"valueName\":\"search_term_string\"}}],\"inLanguage\":\"en-US\"}]}<\/script>\n<!-- \/ Yoast SEO plugin. -->","yoast_head_json":{"title":"See All Rent a car Montenegro - Podgorica, Kotor, Budva, Tivat...Rental","description":"...rezervacija vozila online. Najve\u0107a ponuda automobila na jednom mestu. www.see-all.me\/vozila\/ Najbolje rent a car usluge u Crnoj Gori! Prona\u0111ite odgovaraju\u0107i automobil i napravite rezervaciju bez dodatnih tro\u0161kova! Preuzmite automobil na preko 10 lokacija \u0161irom Crne Gore","robots":{"index":"index","follow":"follow","max-snippet":"max-snippet:-1","max-image-preview":"max-image-preview:large","max-video-preview":"max-video-preview:-1"},"canonical":"https:\/\/see-all.me\/","og_locale":"en_US","og_type":"article","og_title":"See All Rent a car Montenegro - Podgorica, Kotor, Budva, Tivat...Rental","og_description":"...rezervacija vozila online. Najve\u0107a ponuda automobila na jednom mestu. www.see-all.me\/vozila\/ Najbolje rent a car usluge u Crnoj Gori! Prona\u0111ite odgovaraju\u0107i automobil i napravite rezervaciju bez dodatnih tro\u0161kova! Preuzmite automobil na preko 10 lokacija \u0161irom Crne Gore","og_url":"https:\/\/see-all.me\/","og_site_name":"See-All Rent-a-car Montenegro - Podgorica, Kotor, Budva, Tivat","article_modified_time":"2020-05-25T21:25:21+00:00","twitter_card":"summary_large_image","twitter_misc":{"Est. reading time":"4 minutes"},"schema":{"@context":"https:\/\/schema.org","@graph":[{"@type":"WebPage","@id":"https:\/\/see-all.me\/","url":"https:\/\/see-all.me\/","name":"See All Rent a car Montenegro - Podgorica, Kotor, Budva, Tivat...Rental","isPartOf":{"@id":"https:\/\/see-all.me\/#website"},"datePublished":"2016-08-03T13:14:37+00:00","dateModified":"2020-05-25T21:25:21+00:00","description":"...rezervacija vozila online. Najve\u0107a ponuda automobila na jednom mestu. www.see-all.me\/vozila\/ Najbolje rent a car usluge u Crnoj Gori! Prona\u0111ite odgovaraju\u0107i automobil i napravite rezervaciju bez dodatnih tro\u0161kova! Preuzmite automobil na preko 10 lokacija \u0161irom Crne Gore","breadcrumb":{"@id":"https:\/\/see-all.me\/#breadcrumb"},"inLanguage":"en-US","potentialAction":[{"@type":"ReadAction","target":["https:\/\/see-all.me\/"]}]},{"@type":"BreadcrumbList","@id":"https:\/\/see-all.me\/#breadcrumb","itemListElement":[{"@type":"ListItem","position":1,"name":"Home","item":"https:\/\/see-all.me\/"},{"@type":"ListItem","position":2,"name":"Po\u010detna"}]},{"@type":"WebSite","@id":"https:\/\/see-all.me\/#website","url":"https:\/\/see-all.me\/","name":"See-All Rent-a-car Montenegro - Podgorica, Kotor, Budva, Tivat","description":"Best way to explore Montenegro","potentialAction":[{"@type":"SearchAction","target":{"@type":"EntryPoint","urlTemplate":"https:\/\/see-all.me\/?s={search_term_string}"},"query-input":{"@type":"PropertyValueSpecification","valueRequired":true,"valueName":"search_term_string"}}],"inLanguage":"en-US"}]}},"_links":{"self":[{"href":"https:\/\/see-all.me\/en\/wp-json\/wp\/v2\/pages\/9","targetHints":{"allow":["GET"]}}],"collection":[{"href":"https:\/\/see-all.me\/en\/wp-json\/wp\/v2\/pages"}],"about":[{"href":"https:\/\/see-all.me\/en\/wp-json\/wp\/v2\/types\/page"}],"author":[{"embeddable":true,"href":"https:\/\/see-all.me\/en\/wp-json\/wp\/v2\/users\/1"}],"replies":[{"embeddable":true,"href":"https:\/\/see-all.me\/en\/wp-json\/wp\/v2\/comments?post=9"}],"version-history":[{"count":0,"href":"https:\/\/see-all.me\/en\/wp-json\/wp\/v2\/pages\/9\/revisions"}],"wp:attachment":[{"href":"https:\/\/see-all.me\/en\/wp-json\/wp\/v2\/media?parent=9"}],"curies":[{"name":"wp","href":"https:\/\/api.w.org\/{rel}","templated":true}]}}